{"id":77,"date":"2019-04-15T16:25:05","date_gmt":"2019-04-15T14:25:05","guid":{"rendered":"http:\/\/lex-cevennes.fr\/?page_id=77"},"modified":"2022-08-19T12:24:31","modified_gmt":"2022-08-19T10:24:31","slug":"guillaume-garcia-avocat-specialiste-en-droit-du-travail","status":"publish","type":"page","link":"https:\/\/www.lex-cevennes.fr\/","title":{"rendered":"Avocat sp\u00e9cialiste en Droit du Travail sur Al\u00e8s et sa r\u00e9gion 04.66.56.98.70."},"content":{"rendered":"<p style=\"text-align: center;\"><img loading=\"lazy\" class=\"wp-image-134 aligncenter\" src=\"http:\/\/www.lex-cevennes.fr\/wp-content\/uploads\/2019\/04\/IMG_0435-1024x768.png\" alt=\"\" width=\"650\" height=\"488\" srcset=\"https:\/\/www.lex-cevennes.fr\/wp-content\/uploads\/2019\/04\/IMG_0435-1024x768.png 1024w, https:\/\/www.lex-cevennes.fr\/wp-content\/uploads\/2019\/04\/IMG_0435-300x225.png 300w, https:\/\/www.lex-cevennes.fr\/wp-content\/uploads\/2019\/04\/IMG_0435-768x576.png 768w\" sizes=\"(max-width: 650px) 100vw, 650px\" \/><\/p>\n<p><em><strong>Inscrit au barreau d\u2019ALES,<\/strong> Ma\u00eetre Guillaume GARCIA i<\/em><em>ntervient aux c\u00f4t\u00e9s d\u2019une client\u00e8le d<\/em><em>e salari\u00e9s et d\u2019entreprises dans des contentieux en droit du travail, protection sociale et relations collectives. <\/em><em><strong>N&rsquo;h\u00e9sitez pas \u00e0 contacter<\/strong> le cabinet au <strong>04.66.56.98.70. <\/strong>pour savoir si Ma\u00eetre Guillaume GARCIA <strong><span style=\"text-decoration: underline;\">peut vous assister dans d&rsquo;autres litiges.<\/span><\/strong><\/em><\/p>\n<p style=\"text-align: left;\"><em><strong>Implant\u00e9 au centre-ville d&rsquo;ALES sur la Place Henri Barbusse<\/strong><\/em><em> (\u00e0 proximit\u00e9 du Tribunal), le cabinet d\u2019avocat de Ma\u00eetre Guillaume GARCIA se situe \u00e0 proximit\u00e9 des acteurs \u00e9conomiques de l&rsquo;agglom\u00e9ration d&rsquo;ALES et des C\u00e9vennes.<\/em><\/p>\n<p style=\"text-align: center;\"><img loading=\"lazy\" class=\"aligncenter wp-image-173\" src=\"http:\/\/lex-cevennes.fr\/wp-content\/uploads\/2019\/04\/07041500-e1555422884426-1024x718.jpg\" alt=\"\" width=\"652\" height=\"457\" srcset=\"https:\/\/www.lex-cevennes.fr\/wp-content\/uploads\/2019\/04\/07041500-e1555422884426-1024x718.jpg 1024w, https:\/\/www.lex-cevennes.fr\/wp-content\/uploads\/2019\/04\/07041500-e1555422884426-300x210.jpg 300w, https:\/\/www.lex-cevennes.fr\/wp-content\/uploads\/2019\/04\/07041500-e1555422884426-768x538.jpg 768w\" sizes=\"(max-width: 652px) 100vw, 652px\" \/><\/p>\n<p style=\"text-align: left;\"><em>Titulaire du <strong>Certificat d\u2019Aptitude \u00e0 la Profession d\u2019Avocat depuis 2010<\/strong>, Ma\u00eetre Guillaume GARCIA s\u2019est vu reconna\u00eetre un <strong>certificat de sp\u00e9cialisation en Droit du Travail ainsi qu\u2019une qualification sp\u00e9cifique en Droit des Relations Individuelles du Travail<\/strong> d\u00e9livr\u00e9 par le <strong>Conseil National des Barreaux.<\/strong><\/em><\/p>\n<p style=\"text-align: left;\"><em>Cette distinction professionnelle, qui autorise Ma\u00eetre Guillaume GARCIA a port\u00e9 <strong>le titre prot\u00e9g\u00e9 de sp\u00e9cialiste en Droit du Travail, <\/strong>constitue un gage de comp\u00e9tences et une v\u00e9ritable reconnaissance de ses pairs, magistrats et universitaires.<\/em><\/p>\n<p style=\"text-align: left;\"><em><strong>Ma\u00eetre Guillaume GARCIA<\/strong> d\u00e9fend ses clients devant diff\u00e9rentes juridictions :<\/em><\/p>\n<p style=\"text-align: center;\"><strong><em>Conseil de Prud\u2019hommes,<\/em><\/strong><\/p>\n<p style=\"text-align: center;\"><strong><em>Tribunal de Grande Instance,\u00a0 <\/em><\/strong><strong><em>Tribunal d\u2019Instance,<\/em><\/strong><\/p>\n<p style=\"text-align: center;\"><strong><em>Tribunal Correctionnel,<\/em><\/strong><\/p>\n<p style=\"text-align: center;\"><strong><em>Cour d\u2019Appel<\/em><\/strong><\/p>\n","protected":false},"excerpt":{"rendered":"<p>Inscrit au barreau d\u2019ALES, Ma\u00eetre Guillaume GARCIA intervient aux c\u00f4t\u00e9s d\u2019une client\u00e8le de salari\u00e9s et d\u2019entreprises dans des contentieux en droit du travail, protection sociale et relations collectives. N&rsquo;h\u00e9sitez pas \u00e0 contacter le cabinet au 04.66.56.98.70. pour savoir si Ma\u00eetre Guillaume GARCIA peut vous assister dans d&rsquo;autres litiges. Implant\u00e9 au centre-ville d&rsquo;ALES sur la Place<\/p><\/div>\n<div class=\"blog-btn\"><a href=\"https:\/\/www.lex-cevennes.fr\/\" class=\"home-blog-btn\">Lire la suite<\/a><\/p>\n","protected":false},"author":1,"featured_media":0,"parent":0,"menu_order":0,"comment_status":"closed","ping_status":"closed","template":"","meta":[],"_links":{"self":[{"href":"https:\/\/www.lex-cevennes.fr\/index.php?rest_route=\/wp\/v2\/pages\/77"}],"collection":[{"href":"https:\/\/www.lex-cevennes.fr\/index.php?rest_route=\/wp\/v2\/pages"}],"about":[{"href":"https:\/\/www.lex-cevennes.fr\/index.php?rest_route=\/wp\/v2\/types\/page"}],"author":[{"embeddable":true,"href":"https:\/\/www.lex-cevennes.fr\/index.php?rest_route=\/wp\/v2\/users\/1"}],"replies":[{"embeddable":true,"href":"https:\/\/www.lex-cevennes.fr\/index.php?rest_route=%2Fwp%2Fv2%2Fcomments&post=77"}],"version-history":[{"count":57,"href":"https:\/\/www.lex-cevennes.fr\/index.php?rest_route=\/wp\/v2\/pages\/77\/revisions"}],"predecessor-version":[{"id":266,"href":"https:\/\/www.lex-cevennes.fr\/index.php?rest_route=\/wp\/v2\/pages\/77\/revisions\/266"}],"wp:attachment":[{"href":"https:\/\/www.lex-cevennes.fr\/index.php?rest_route=%2Fwp%2Fv2%2Fmedia&parent=77"}],"curies":[{"name":"wp","href":"https:\/\/api.w.org\/{rel}","templated":true}]}}